{"id":14145,"date":"2022-03-05T21:20:12","date_gmt":"2022-03-05T20:20:12","guid":{"rendered":"https:\/\/hoteltoolz.innoconcept.website\/kontakt\/"},"modified":"2022-03-05T21:20:12","modified_gmt":"2022-03-05T20:20:12","slug":"kontakt","status":"publish","type":"page","link":"https:\/\/hoteltoolz.innoconcept.website\/de\/kontakt\/","title":{"rendered":"Kontakt"},"content":{"rendered":"<section class=\"l-section wpb_row height_large color_alternate with_video\"><div id=\"us_bg_video_e1fe\" class=\"l-section-video\"><script>!function(w){var node = document.getElementById( 'us_bg_video_e1fe' );if ( w.innerWidth <= 30 ) { node.remove() }}(window);<\/script><style>@media(max-width:30px){#us_bg_video_e1fe{display:none!important}}<\/style><video  autoplay loop muted playsinline preload=\"auto\"><source type=\"video\/mp4\" src=\"https:\/\/pistorius.innoconcept.website\/wp-content\/uploads\/2024\/08\/iStock-1631558435-1.mp4\" \/><\/video><\/div><div class=\"l-section-overlay\" style=\"background:linear-gradient(0deg,#16172e,rgba(22,23,46,0.75))\"><\/div><div class=\"l-section-h i-cf\"><div class=\"g-cols vc_row via_flex valign_middle type_default stacking_default\"><div class=\"vc_col-sm-12 wpb_column vc_column_container\"><div class=\"vc_column-inner us_custom_a4e370b8\"><div class=\"wpb_wrapper\"><div class=\"w-separator hide_on_mobiles size_large\"><\/div><div class=\"wpb_text_column\"><div class=\"wpb_wrapper\"><h6 style=\"text-align: center;\"><span style=\"color: #f47323;\">KONTAKT<\/span><\/h6>\n<\/div><\/div><div class=\"wpb_text_column us_custom_df7a158a has_text_color\"><div class=\"wpb_wrapper\"><p style=\"text-align: center;\">Nehmen Sie<span style=\"color: #f47323;\"> Kontakt<\/span> mit uns auf!<\/p>\n<\/div><\/div><div class=\"g-cols wpb_row via_flex valign_top type_default stacking_default\"><div class=\"vc_col-sm-2 wpb_column vc_column_container\"><div class=\"vc_column-inner\"><div class=\"wpb_wrapper\"><\/div><\/div><\/div><div class=\"vc_col-sm-12 vc_col-lg-8 vc_col-md-8 wpb_column vc_column_container\"><div class=\"vc_column-inner\"><div class=\"wpb_wrapper\"><div class=\"wpb_text_column\"><div class=\"wpb_wrapper\"><p style=\"text-align: center;\">Bitte kontaktieren Sie uns. Unser Team steht Ihnen jederzeit per Telefon, E-Mail oder \u00fcber unser Online-Formular zur Verf\u00fcgung. Wir freuen uns auf Ihre Nachricht und auf Ihre Unterst\u00fctzung!  <\/p>\n<\/div><\/div><div class=\"w-separator size_small\"><\/div><\/div><\/div><\/div><div class=\"vc_col-sm-2 wpb_column vc_column_container\"><div class=\"vc_column-inner\"><div class=\"wpb_wrapper\"><\/div><\/div><\/div><\/div><div class=\"w-hwrapper us_custom_903eb422 valign_middle wrap default_align_center laptops_align_center tablets_align_center mobiles_align_left\" style=\"--hwrapper-gap:1.5rem\"><div class=\"w-iconbox us_custom_909397aa iconpos_left style_circle color_custom align_left no_text\"><a href=\"tel:+4960558838040\" class=\"w-iconbox-link\" aria-label=\"DE: +49 6055 8838 040\"><div class=\"w-iconbox-icon\" style=\"font-size:12px;--icon-color:#ffffff;--icon-bg-color:var(--color-content-primary);\"><i class=\"fas fa-phone-alt\"><\/i><\/div><\/a><div class=\"w-iconbox-meta\"><a href=\"tel:+4960558838040\" class=\"w-iconbox-link\" aria-label=\"DE: +49 6055 8838 040\"><p class=\"w-iconbox-title\" style=\"font-size:16px;\">DE: +49 6055 8838 040<\/p><\/a><\/div><\/div><div class=\"w-iconbox us_custom_909397aa iconpos_left style_circle color_custom align_left no_text\"><a href=\"tel:+432746311000\" class=\"w-iconbox-link\" aria-label=\"UNTER: +43 2746 311000\"><div class=\"w-iconbox-icon\" style=\"font-size:12px;--icon-color:#ffffff;--icon-bg-color:var(--color-content-primary);\"><i class=\"fas fa-phone-alt\"><\/i><\/div><\/a><div class=\"w-iconbox-meta\"><a href=\"tel:+432746311000\" class=\"w-iconbox-link\" aria-label=\"UNTER: +43 2746 311000\"><p class=\"w-iconbox-title\" style=\"font-size:16px;\">UNTER: +43 2746 311000<\/p><\/a><\/div><\/div><div class=\"w-iconbox us_custom_909397aa iconpos_left style_circle color_custom align_left no_text\"><a href=\"tel:+4588441490\" class=\"w-iconbox-link\" aria-label=\"DK: +45 8844 1490\"><div class=\"w-iconbox-icon\" style=\"font-size:12px;--icon-color:#ffffff;--icon-bg-color:var(--color-content-primary);\"><i class=\"fas fa-phone-alt\"><\/i><\/div><\/a><div class=\"w-iconbox-meta\"><a href=\"tel:+4588441490\" class=\"w-iconbox-link\" aria-label=\"DK: +45 8844 1490\"><p class=\"w-iconbox-title\" style=\"font-size:16px;\">DK: +45 8844 1490<\/p><\/a><\/div><\/div><div class=\"w-iconbox iconpos_left style_circle color_custom align_left no_text\"><div class=\"w-iconbox-icon\" style=\"font-size:12px;--icon-color:#ffffff;--icon-bg-color:var(--color-content-primary);\"><i class=\"fas fa-envelope\"><\/i><\/div><div class=\"w-iconbox-meta\"><p class=\"w-iconbox-title\" style=\"font-size:16px;\">support@hoteltoolz.com<\/p><\/div><\/div><\/div><\/div><\/div><\/div><\/div><\/div><\/section><section class=\"l-section wpb_row height_auto color_alternate\"><div class=\"l-section-h i-cf\"><div class=\"g-cols vc_row via_flex valign_top type_default stacking_default\"><div class=\"vc_col-sm-3 wpb_column vc_column_container\"><div class=\"vc_column-inner\"><div class=\"wpb_wrapper\"><\/div><\/div><\/div><div class=\"vc_col-sm-12 vc_col-lg-6 vc_col-md-12 wpb_column vc_column_container\"><div class=\"vc_column-inner us_custom_a069d783\"><div class=\"wpb_wrapper\"><div class=\"g-cols wpb_row us_custom_e707a64d rundkomplett via_flex valign_top type_default stacking_default\"><div class=\"vc_col-sm-12 wpb_column vc_column_container\"><div class=\"vc_column-inner\"><div class=\"wpb_wrapper\"><div class=\"wpb_text_column us_custom_7008df94\"><div class=\"wpb_wrapper\"><h4>Senden Sie uns eine Nachricht<\/h4>\n<\/div><\/div><div class=\"wpb_text_column\"><div class=\"wpb_wrapper\"><p>Wir melden uns innerhalb k\u00fcrzester Zeit bei Ihnen!<\/p>\n<\/div><\/div><form class=\"w-form  us-field-style_1 layout_ver for_cform us_form_1\" autocomplete=\"off\" action=\"https:\/\/hoteltoolz.innoconcept.website\/de\/wp-json\/wp\/v2\/pages\/14145\" method=\"post\"><div class=\"w-form-h\"><div class=\"w-form-row for_text has_label move_label required\">\r\n\t\t\t<div class=\"w-form-row-label\">\r\n\t\t\t<span>Your Name *<\/span>\r\n\t\t<\/div>\r\n\t\t<div class=\"w-form-row-field\">\r\n\t\t\t\t\t\t<input aria-label=\"Your Name\" type=\"text\" name=\"us_form_1_text_1\" value placeholder data-required=\"true\" aria-required=\"true\"\/>\r\n\t\t\t<\/div>\r\n\t\t<div class=\"w-form-row-state\">Bitte f\u00fcllen Sie dieses Feld aus.<\/div>\r\n<\/div>\r\n<div class=\"w-form-row for_text has_label move_label with_icon\">\r\n\t\t\t<div class=\"w-form-row-label\">\r\n\t\t\t<span>Company<\/span>\r\n\t\t<\/div>\r\n\t\t<div class=\"w-form-row-field\">\r\n\t\t\t\t<i class=\"fad fa-building\"><\/i>\t\t<input aria-label=\"Company\" type=\"text\" name=\"us_form_1_text_2\" value placeholder\/>\r\n\t\t\t<\/div>\r\n\t\t<div class=\"w-form-row-state\">Bitte f\u00fcllen Sie dieses Feld aus.<\/div>\r\n<\/div>\r\n<div class=\"w-form-row for_text has_label move_label required with_icon cols_2\">\r\n\t\t\t<div class=\"w-form-row-label\">\r\n\t\t\t<span>E-Mail *<\/span>\r\n\t\t<\/div>\r\n\t\t<div class=\"w-form-row-field\">\r\n\t\t\t\t<i class=\"fad fa-envelope\"><\/i>\t\t<input aria-label=\"E-Mail\" type=\"text\" name=\"us_form_1_text_3\" value placeholder data-required=\"true\" aria-required=\"true\"\/>\r\n\t\t\t<\/div>\r\n\t\t<div class=\"w-form-row-state\">Bitte f\u00fcllen Sie dieses Feld aus.<\/div>\r\n<\/div>\r\n<div class=\"w-form-row for_text has_label move_label required with_icon cols_2\">\r\n\t\t\t<div class=\"w-form-row-label\">\r\n\t\t\t<span>Phone *<\/span>\r\n\t\t<\/div>\r\n\t\t<div class=\"w-form-row-field\">\r\n\t\t\t\t<i class=\"fad fa-phone-alt\"><\/i>\t\t<input aria-label=\"Phone\" inputmode=\"numeric\" type=\"text\" name=\"us_form_1_text_4\" value placeholder data-required=\"true\" aria-required=\"true\"\/>\r\n\t\t\t<\/div>\r\n\t\t<div class=\"w-form-row-state\">Bitte f\u00fcllen Sie dieses Feld aus.<\/div>\r\n<\/div>\r\n<div class=\"w-form-row for_textarea has_label move_label with_icon\">\r\n\t\t\t<div class=\"w-form-row-label\">\r\n\t\t\t<span>Your message<\/span>\r\n\t\t<\/div>\r\n\t\t<div class=\"w-form-row-field\">\r\n\t\t\t\t<i class=\"fad fa-pen\"><\/i>\t\t<textarea aria-label=\"Your message\" name=\"us_form_1_textarea_1\" placeholder><\/textarea>\r\n\t\t\t<\/div>\r\n\t\t<div class=\"w-form-row-state\">Bitte f\u00fcllen Sie dieses Feld aus.<\/div>\r\n<\/div>\r\n<div class=\"w-form-row for_agreement required\">\r\n\t\t<div class=\"w-form-row-field\">\r\n\t\t\t\t<label>\r\n\t\t\t<input type=\"checkbox\" value=\"1\" data-required=\"true\" aria-required=\"true\" name=\"us_form_1_agreement_1\"\/>\r\n\t\t\t<span>I accept the electronic storage of my data in accordance with the privacy policy. To submit, please fill out all fields marked with * and accept the privacy policy.<\/span>\r\n\t\t<\/label>\r\n\t\t\t<\/div>\r\n\t\t<div class=\"w-form-row-state\">Sie m\u00fcssen den Bedingungen zustimmen, um fortzufahren.<\/div>\r\n<\/div>\r\n<input type=\"hidden\" name=\"action\" value=\"us_ajax_cform\" \/>\r\n<input type=\"hidden\" name=\"post_id\" value=\"0\" \/>\r\n<input type=\"hidden\" name=\"form_index\" value=\"1\" \/>\r\n<div class=\"w-form-row for_submit align_none\">\r\n\t<button class=\"w-btn icon_atright us-btn-style_1\" aria-label=\"Anfrage absenden\" type=\"submit\">\r\n\t\t<span class=\"g-preloader type_1\"><\/span>\r\n\t\t\t\t<span class=\"w-btn-label\">Anfrage absenden<\/span>\r\n\t\t<i class=\"fal fa-long-arrow-right\"><\/i>\t<\/button>\r\n\t<\/div>\r\n<\/div><div class=\"w-form-message\"><\/div><div class=\"w-form-json hidden\" onclick='return {&quot;ajaxurl&quot;:&quot;https:\\\/\\\/hoteltoolz.innoconcept.website\\\/wp-admin\\\/admin-ajax.php&quot;,&quot;messages&quot;:{&quot;err_empty&quot;:&quot;Bitte f\\u00fcllen Sie dieses Feld aus.&quot;,&quot;err_size&quot;:&quot;Die Dateigr\\u00f6\\u00dfe darf %s MB nicht \\u00fcberschreiten&quot;,&quot;err_extension&quot;:&quot;Dateityp %s ist nicht zul\\u00e4ssig&quot;}}'><\/div><\/form><\/div><\/div><\/div><\/div><div class=\"w-separator size_medium\"><\/div><\/div><\/div><\/div><div class=\"vc_col-sm-3 wpb_column vc_column_container\"><div class=\"vc_column-inner\"><div class=\"wpb_wrapper\"><\/div><\/div><\/div><\/div><\/div><\/section>\n","protected":false},"excerpt":{"rendered":"KONTAKT Nehmen Sie Kontakt mit uns auf! Bitte kontaktieren Sie uns. Unser Team steht Ihnen jederzeit per Telefon, E-Mail oder \u00fcber unser Online-Formular zur Verf\u00fcgung. Wir freuen uns auf Ihre Nachricht und auf Ihre Unterst\u00fctzung! DE: +49 6055 8838 040UNTER: +43 2746 311000DK: +45 8844 1490support@hoteltoolz.comSenden Sie uns eine Nachricht Wir melden uns innerhalb k\u00fcrzester...","protected":false},"author":1,"featured_media":0,"parent":0,"menu_order":0,"comment_status":"closed","ping_status":"closed","template":"","meta":{"footnotes":""},"class_list":["post-14145","page","type-page","status-publish","hentry"],"_links":{"self":[{"href":"https:\/\/hoteltoolz.innoconcept.website\/de\/wp-json\/wp\/v2\/pages\/14145","targetHints":{"allow":["GET"]}}],"collection":[{"href":"https:\/\/hoteltoolz.innoconcept.website\/de\/wp-json\/wp\/v2\/pages"}],"about":[{"href":"https:\/\/hoteltoolz.innoconcept.website\/de\/wp-json\/wp\/v2\/types\/page"}],"author":[{"embeddable":true,"href":"https:\/\/hoteltoolz.innoconcept.website\/de\/wp-json\/wp\/v2\/users\/1"}],"replies":[{"embeddable":true,"href":"https:\/\/hoteltoolz.innoconcept.website\/de\/wp-json\/wp\/v2\/comments?post=14145"}],"version-history":[{"count":0,"href":"https:\/\/hoteltoolz.innoconcept.website\/de\/wp-json\/wp\/v2\/pages\/14145\/revisions"}],"wp:attachment":[{"href":"https:\/\/hoteltoolz.innoconcept.website\/de\/wp-json\/wp\/v2\/media?parent=14145"}],"curies":[{"name":"wp","href":"https:\/\/api.w.org\/{rel}","templated":true}]}}