{"id":14146,"date":"2021-12-03T17:58:21","date_gmt":"2021-12-03T16:58:21","guid":{"rendered":"https:\/\/hoteltoolz.innoconcept.website\/impressum\/"},"modified":"2021-12-03T17:58:21","modified_gmt":"2021-12-03T16:58:21","slug":"impressum","status":"publish","type":"page","link":"https:\/\/hoteltoolz.innoconcept.website\/de\/impressum\/","title":{"rendered":"Impressum"},"content":{"rendered":"<p><span style=\"color: #16172e;\"><strong>AT:<\/strong><\/span><br \/>\nHotelToolz GmbH<br \/>\nAltenburg 41<br \/>\n3150 Wilhelmsburg<br \/>\nUSt-IdNr: ATU73362327<br \/>\nFirmenbuch 493042 m<\/p>\n<p><span style=\"color: #16172e;\"><strong>DE:<\/strong><\/span><br \/>\nHotelToolz Deutschland GmbH<br \/>\nAn der Johanneskirche 3<br \/>\n63579 Freigericht<br \/>\nUSt-IdNr: DE359637313<br \/>\nHRB 99023 AG Hanau<\/p>\n<p>Vertreten durch:<br \/>\nGesch\u00e4ftsf\u00fchrer: Andreas K\u00f6ppen<\/p>\n<h4>Kontakt<\/h4>\n<p>DE: +49 6055 8838 040<br \/>\nUNTER: +43 2746 311000<br \/>\nDK: +45 8844 1490<\/p>\n<p>support@hoteltoolz.com<\/p>\n","protected":false},"excerpt":{"rendered":"<p>AT: HotelToolz GmbH Altenburg 41 3150 Wilhelmsburg USt-IdNr: ATU73362327 Firmenbuch 493042 m DE: HotelToolz Deutschland GmbH An der Johanneskirche 3 63579 Freigericht USt-IdNr: DE359637313 HRB 99023 AG Hanau Vertreten durch: Gesch\u00e4ftsf\u00fchrer: Andreas K\u00f6ppen Kontakt DE: +49 6055 8838 040 UNTER: +43 2746 311000 DK: +45 8844 1490 support@hoteltoolz.com<\/p>\n","protected":false},"author":1,"featured_media":0,"parent":0,"menu_order":0,"comment_status":"closed","ping_status":"closed","template":"","meta":{"footnotes":""},"class_list":["post-14146","page","type-page","status-publish","hentry"],"_links":{"self":[{"href":"https:\/\/hoteltoolz.innoconcept.website\/de\/wp-json\/wp\/v2\/pages\/14146","targetHints":{"allow":["GET"]}}],"collection":[{"href":"https:\/\/hoteltoolz.innoconcept.website\/de\/wp-json\/wp\/v2\/pages"}],"about":[{"href":"https:\/\/hoteltoolz.innoconcept.website\/de\/wp-json\/wp\/v2\/types\/page"}],"author":[{"embeddable":true,"href":"https:\/\/hoteltoolz.innoconcept.website\/de\/wp-json\/wp\/v2\/users\/1"}],"replies":[{"embeddable":true,"href":"https:\/\/hoteltoolz.innoconcept.website\/de\/wp-json\/wp\/v2\/comments?post=14146"}],"version-history":[{"count":0,"href":"https:\/\/hoteltoolz.innoconcept.website\/de\/wp-json\/wp\/v2\/pages\/14146\/revisions"}],"wp:attachment":[{"href":"https:\/\/hoteltoolz.innoconcept.website\/de\/wp-json\/wp\/v2\/media?parent=14146"}],"curies":[{"name":"wp","href":"https:\/\/api.w.org\/{rel}","templated":true}]}}